{"id":387,"date":"2026-01-22T10:05:26","date_gmt":"2026-01-22T09:05:26","guid":{"rendered":"https:\/\/rentallbruz.com\/?page_id=387"},"modified":"2026-03-31T12:41:22","modified_gmt":"2026-03-31T11:41:22","slug":"rental-av","status":"publish","type":"page","link":"https:\/\/rentallbruz.com\/en\/rental-av\/","title":{"rendered":"Rental AV"},"content":{"rendered":"<div data-elementor-type=\"wp-page\" data-elementor-id=\"387\" class=\"elementor elementor-387\" data-elementor-post-type=\"page\">\n\t\t\t\t<div class=\"elementor-element elementor-element-e9602e2 e-flex e-con-boxed e-con e-parent\" data-id=\"e9602e2\" data-element_type=\"container\" data-e-type=\"container\" data-settings=\"{&quot;background_background&quot;:&quot;classic&quot;,&quot;ekit_has_onepagescroll_dot&quot;:&quot;yes&quot;}\">\n\t\t\t\t\t<div class=\"e-con-inner\">\n\t\t\t\t<div class=\"elementor-element elementor-element-79cd92b elementor-widget__width-initial elementor-widget-mobile__width-inherit elementor-widget elementor-widget-elementskit-heading\" data-id=\"79cd92b\" data-element_type=\"widget\" data-e-type=\"widget\" data-settings=\"{&quot;ekit_we_effect_on&quot;:&quot;none&quot;}\" data-widget_type=\"elementskit-heading.default\">\n\t\t\t\t\t<div class=\"ekit-wid-con\" ><div class=\"ekit-heading elementskit-section-title-wraper text_left   ekit_heading_tablet-   ekit_heading_mobile-\"><h1 class=\"ekit-heading--title elementskit-section-title\">Rental Av<\/h1><h2 class=\"ekit-heading--subtitle elementskit-section-subtitle\">\n\t\t\t\t\t\tCat\u00e1logo de Equipamiento Audiovisual Profesional\n\t\t\t\t\t<\/h2>\t\t\t\t<div class='ekit-heading__description'>\n\t\t\t\t\t<p>En Rentall Bruz, nuestro inventario es nuestra mejor carta de presentaci\u00f3n. Trabajamos exclusivamente con marcas que son el est\u00e1ndar en \"riders\" internacionales, garantizando que cada equipo entregado ofrece el rendimiento, la durabilidad y la fidelidad t\u00e9cnica que tu instalaci\u00f3n o evento requiere.<\/p>\n\t\t\t\t<\/div>\n\t\t\t<\/div><\/div>\t\t\t\t<\/div>\n\t\t\t\t\t<\/div>\n\t\t\t\t<\/div>\n\t\t<div class=\"elementor-element elementor-element-31014bb e-flex e-con-boxed e-con e-parent\" data-id=\"31014bb\" data-element_type=\"container\" data-e-type=\"container\" data-settings=\"{&quot;background_background&quot;:&quot;video&quot;,&quot;background_video_link&quot;:&quot;https:\\\/\\\/rentallbruz.com\\\/wp-content\\\/uploads\\\/2026\\\/01\\\/SM7dB_3D_Product_Video_Background.mp4&quot;,&quot;background_play_on_mobile&quot;:&quot;yes&quot;,&quot;ekit_has_onepagescroll_dot&quot;:&quot;yes&quot;}\">\n\t\t\t\t\t<div class=\"e-con-inner\">\n\t\t<div class=\"elementor-background-video-container\">\n\t\t\t\t\t\t\t<video class=\"elementor-background-video-hosted\" role=\"presentation\" autoplay muted playsinline loop><\/video>\n\t\t\t\t\t<\/div><div class=\"elementor-element elementor-element-a4404ba e-con-full e-flex e-con e-child\" data-id=\"a4404ba\" data-element_type=\"container\" data-e-type=\"container\" data-settings=\"{&quot;ekit_has_onepagescroll_dot&quot;:&quot;yes&quot;}\">\n\t\t\t\t<div class=\"elementor-element elementor-element-4f9259b elementor-widget elementor-widget-elementskit-heading\" data-id=\"4f9259b\" data-element_type=\"widget\" data-e-type=\"widget\" data-settings=\"{&quot;ekit_we_effect_on&quot;:&quot;none&quot;}\" data-widget_type=\"elementskit-heading.default\">\n\t\t\t\t\t<div class=\"ekit-wid-con\" ><div class=\"ekit-heading elementskit-section-title-wraper text_left   ekit_heading_tablet-   ekit_heading_mobile-\"><h2 class=\"ekit-heading--title elementskit-section-title\">Audio &amp; Sonorizaci\u00f3n<\/h2>\t\t\t\t<div class='ekit-heading__description'>\n\t\t\t\t\t<p>Sistemas de PA, microfon\u00eda y mezcla. Contamos con la calidez y precisi\u00f3n de <b>Midas, Sennheiser, Shure, Yamaha<\/b> y la potencia de <b>Tw Audio<\/b>. Soluciones listas para giras, conferencias o instalaciones fijas.<\/p>\n\t\t\t\t<\/div>\n\t\t\t<\/div><\/div>\t\t\t\t<\/div>\n\t\t\t\t<\/div>\n\t\t\t\t\t<\/div>\n\t\t\t\t<\/div>\n\t\t<div class=\"elementor-element elementor-element-4b5d42e e-flex e-con-boxed e-con e-parent\" data-id=\"4b5d42e\" data-element_type=\"container\" data-e-type=\"container\" data-settings=\"{&quot;background_background&quot;:&quot;classic&quot;,&quot;ekit_has_onepagescroll_dot&quot;:&quot;yes&quot;}\">\n\t\t\t\t\t<div class=\"e-con-inner\">\n\t\t<div class=\"elementor-element elementor-element-5f89902 e-con-full e-flex e-con e-child\" data-id=\"5f89902\" data-element_type=\"container\" data-e-type=\"container\" data-settings=\"{&quot;ekit_has_onepagescroll_dot&quot;:&quot;yes&quot;}\">\n\t\t\t\t<div class=\"elementor-element elementor-element-c12765a elementor-widget elementor-widget-elementskit-heading\" data-id=\"c12765a\" data-element_type=\"widget\" data-e-type=\"widget\" data-settings=\"{&quot;ekit_we_effect_on&quot;:&quot;none&quot;}\" data-widget_type=\"elementskit-heading.default\">\n\t\t\t\t\t<div class=\"ekit-wid-con\" ><div class=\"ekit-heading elementskit-section-title-wraper text_left   ekit_heading_tablet-   ekit_heading_mobile-\"><h2 class=\"ekit-heading--title elementskit-section-title\">Iluminaci\u00f3n &amp; Efectos<\/h2>\t\t\t\t<div class='ekit-heading__description'>\n\t\t\t\t\t<p>Crea atm\u00f3sferas impecables con tecnolog\u00eda LED y cabezas m\u00f3viles de referencia. Disponemos de equipos <b>Robe<\/b> y <b>Martin<\/b>, marcas l\u00edderes que garantizan fiabilidad crom\u00e1tica y efectos espectaculares en cualquier escenario.<\/p>\n\t\t\t\t<\/div>\n\t\t\t<\/div><\/div>\t\t\t\t<\/div>\n\t\t\t\t<\/div>\n\t\t\t\t\t<\/div>\n\t\t\t\t<\/div>\n\t\t<div class=\"elementor-element elementor-element-2b8ab0b e-flex e-con-boxed e-con e-parent\" data-id=\"2b8ab0b\" data-element_type=\"container\" data-e-type=\"container\" data-settings=\"{&quot;background_background&quot;:&quot;classic&quot;,&quot;ekit_has_onepagescroll_dot&quot;:&quot;yes&quot;}\">\n\t\t\t\t\t<div class=\"e-con-inner\">\n\t\t<div class=\"elementor-element elementor-element-904accb e-con-full e-flex e-con e-child\" data-id=\"904accb\" data-element_type=\"container\" data-e-type=\"container\" data-settings=\"{&quot;ekit_has_onepagescroll_dot&quot;:&quot;yes&quot;}\">\n\t\t\t\t<div class=\"elementor-element elementor-element-dac0b4c elementor-widget elementor-widget-elementskit-heading\" data-id=\"dac0b4c\" data-element_type=\"widget\" data-e-type=\"widget\" data-settings=\"{&quot;ekit_we_effect_on&quot;:&quot;none&quot;}\" data-widget_type=\"elementskit-heading.default\">\n\t\t\t\t\t<div class=\"ekit-wid-con\" ><div class=\"ekit-heading elementskit-section-title-wraper text_left   ekit_heading_tablet-   ekit_heading_mobile-\"><h2 class=\"ekit-heading--title elementskit-section-title\">Video &amp; Pantallas LED<\/h2>\t\t\t\t<div class='ekit-heading__description'>\n\t\t\t\t\t<p>Visuales de alta resoluci\u00f3n con sistemas de paneles <b>Dicolor<\/b>. Calidad de imagen superior, alto refresco y montaje vers\u00e1til para estructuras de cualquier tama\u00f1o, asegurando un impacto visual m\u00e1ximo.<\/p>\n\t\t\t\t<\/div>\n\t\t\t<\/div><\/div>\t\t\t\t<\/div>\n\t\t\t\t<\/div>\n\t\t\t\t\t<\/div>\n\t\t\t\t<\/div>\n\t\t<div class=\"elementor-element elementor-element-1b260db e-flex e-con-boxed e-con e-parent\" data-id=\"1b260db\" data-element_type=\"container\" data-e-type=\"container\" data-settings=\"{&quot;background_background&quot;:&quot;video&quot;,&quot;background_video_link&quot;:&quot;https:\\\/\\\/rentallbruz.com\\\/wp-content\\\/uploads\\\/2026\\\/01\\\/Chainmaster-Products.mp4&quot;,&quot;ekit_has_onepagescroll_dot&quot;:&quot;yes&quot;}\">\n\t\t\t\t\t<div class=\"e-con-inner\">\n\t\t<div class=\"elementor-background-video-container elementor-hidden-mobile\">\n\t\t\t\t\t\t\t<video class=\"elementor-background-video-hosted\" role=\"presentation\" autoplay muted playsinline loop><\/video>\n\t\t\t\t\t<\/div><div class=\"elementor-element elementor-element-0684860 e-con-full e-flex e-con e-child\" data-id=\"0684860\" data-element_type=\"container\" data-e-type=\"container\" data-settings=\"{&quot;ekit_has_onepagescroll_dot&quot;:&quot;yes&quot;}\">\n\t\t\t\t<div class=\"elementor-element elementor-element-5e19a68 elementor-widget elementor-widget-elementskit-heading\" data-id=\"5e19a68\" data-element_type=\"widget\" data-e-type=\"widget\" data-settings=\"{&quot;ekit_we_effect_on&quot;:&quot;none&quot;}\" data-widget_type=\"elementskit-heading.default\">\n\t\t\t\t\t<div class=\"ekit-wid-con\" ><div class=\"ekit-heading elementskit-section-title-wraper text_left   ekit_heading_tablet-   ekit_heading_mobile-\"><h2 class=\"ekit-heading--title elementskit-section-title\">Estructuras &amp; Rigging<\/h2>\t\t\t\t<div class='ekit-heading__description'>\n\t\t\t\t\t<p>La seguridad es lo primero. Suministramos motores y sistemas de elevaci\u00f3n <b>Chainmaster<\/b> y estructuras certificadas para garantizar que toda la infraestructura de tu evento sea s\u00f3lida y segura.<\/p>\n\t\t\t\t<\/div>\n\t\t\t<\/div><\/div>\t\t\t\t<\/div>\n\t\t\t\t<\/div>\n\t\t\t\t\t<\/div>\n\t\t\t\t<\/div>\n\t\t\t\t<\/div>","protected":false},"excerpt":{"rendered":"<p>Rental Av Cat\u00e1logo de Equipamiento Audiovisual Profesional En Rentall Bruz, nuestro inventario es nuestra mejor carta de presentaci\u00f3n. Trabajamos exclusivamente [&hellip;]<\/p>\n","protected":false},"author":1,"featured_media":0,"parent":0,"menu_order":0,"comment_status":"closed","ping_status":"closed","template":"","meta":{"site-sidebar-layout":"no-sidebar","site-content-layout":"","ast-site-content-layout":"full-width-container","site-content-style":"default","site-sidebar-style":"default","ast-global-header-display":"","ast-banner-title-visibility":"","ast-main-header-display":"","ast-hfb-above-header-display":"","ast-hfb-below-header-display":"","ast-hfb-mobile-header-display":"","site-post-title":"disabled","ast-breadcrumbs-content":"","ast-featured-img":"disabled","footer-sml-layout":"","ast-disable-related-posts":"","theme-transparent-header-meta":"","adv-header-id-meta":"","stick-header-meta":"","header-above-stick-meta":"","header-main-stick-meta":"","header-below-stick-meta":"","astra-migrate-meta-layouts":"default","ast-page-background-enabled":"default","ast-page-background-meta":{"desktop":{"background-color":"var(--ast-global-color-5)","background-image":"","background-repeat":"repeat","background-position":"center center","background-size":"auto","background-attachment":"scroll","background-type":"","background-media":"","overlay-type":"","overlay-color":"","overlay-opacity":"","overlay-gradient":""},"tablet":{"background-color":"","background-image":"","background-repeat":"repeat","background-position":"center center","background-size":"auto","background-attachment":"scroll","background-type":"","background-media":"","overlay-type":"","overlay-color":"","overlay-opacity":"","overlay-gradient":""},"mobile":{"background-color":"","background-image":"","background-repeat":"repeat","background-position":"center center","background-size":"auto","background-attachment":"scroll","background-type":"","background-media":"","overlay-type":"","overlay-color":"","overlay-opacity":"","overlay-gradient":""}},"ast-content-background-meta":{"desktop":{"background-color":"var(--ast-global-color-4)","background-image":"","background-repeat":"repeat","background-position":"center center","background-size":"auto","background-attachment":"scroll","background-type":"","background-media":"","overlay-type":"","overlay-color":"","overlay-opacity":"","overlay-gradient":""},"tablet":{"background-color":"var(--ast-global-color-4)","background-image":"","background-repeat":"repeat","background-position":"center center","background-size":"auto","background-attachment":"scroll","background-type":"","background-media":"","overlay-type":"","overlay-color":"","overlay-opacity":"","overlay-gradient":""},"mobile":{"background-color":"var(--ast-global-color-4)","background-image":"","background-repeat":"repeat","background-position":"center center","background-size":"auto","background-attachment":"scroll","background-type":"","background-media":"","overlay-type":"","overlay-color":"","overlay-opacity":"","overlay-gradient":""}},"footnotes":""},"class_list":["post-387","page","type-page","status-publish","hentry"],"yoast_head":"<!-- This site is optimized with the Yoast SEO plugin v27.4 - https:\/\/yoast.com\/product\/yoast-seo-wordpress\/ -->\n<title>Rental AV - Rentall Bruz | Alquiler de sistema audiovisuales en C\u00f3rdoba<\/title>\n<meta name=\"robots\" content=\"index, follow, max-snippet:-1, max-image-preview:large, max-video-preview:-1\" \/>\n<link rel=\"canonical\" href=\"https:\/\/rentallbruz.com\/en\/rental-av\/\" \/>\n<meta property=\"og:locale\" content=\"en_GB\" \/>\n<meta property=\"og:type\" content=\"article\" \/>\n<meta property=\"og:title\" content=\"Rental AV - Rentall Bruz | Alquiler de sistema audiovisuales en C\u00f3rdoba\" \/>\n<meta property=\"og:description\" content=\"Rental Av Cat\u00e1logo de Equipamiento Audiovisual Profesional En Rentall Bruz, nuestro inventario es nuestra mejor carta de presentaci\u00f3n. Trabajamos exclusivamente [&hellip;]\" \/>\n<meta property=\"og:url\" content=\"https:\/\/rentallbruz.com\/en\/rental-av\/\" \/>\n<meta property=\"og:site_name\" content=\"Rentall Bruz | Alquiler de sistema audiovisuales en C\u00f3rdoba\" \/>\n<meta property=\"article:modified_time\" content=\"2026-03-31T11:41:22+00:00\" \/>\n<meta name=\"twitter:card\" content=\"summary_large_image\" \/>\n<meta name=\"twitter:label1\" content=\"Estimated reading time\" \/>\n\t<meta name=\"twitter:data1\" content=\"1 minute\" \/>\n<script type=\"application\/ld+json\" class=\"yoast-schema-graph\">{\"@context\":\"https:\\\/\\\/schema.org\",\"@graph\":[{\"@type\":\"WebPage\",\"@id\":\"https:\\\/\\\/rentallbruz.com\\\/rental-av\\\/\",\"url\":\"https:\\\/\\\/rentallbruz.com\\\/rental-av\\\/\",\"name\":\"Rental AV - Rentall Bruz | Alquiler de sistema audiovisuales en C\u00f3rdoba\",\"isPartOf\":{\"@id\":\"https:\\\/\\\/rentallbruz.com\\\/#website\"},\"datePublished\":\"2026-01-22T09:05:26+00:00\",\"dateModified\":\"2026-03-31T11:41:22+00:00\",\"breadcrumb\":{\"@id\":\"https:\\\/\\\/rentallbruz.com\\\/rental-av\\\/#breadcrumb\"},\"inLanguage\":\"en-GB\",\"potentialAction\":[{\"@type\":\"ReadAction\",\"target\":[\"https:\\\/\\\/rentallbruz.com\\\/rental-av\\\/\"]}]},{\"@type\":\"BreadcrumbList\",\"@id\":\"https:\\\/\\\/rentallbruz.com\\\/rental-av\\\/#breadcrumb\",\"itemListElement\":[{\"@type\":\"ListItem\",\"position\":1,\"name\":\"Portada\",\"item\":\"https:\\\/\\\/rentallbruz.com\\\/\"},{\"@type\":\"ListItem\",\"position\":2,\"name\":\"Rental AV\"}]},{\"@type\":\"WebSite\",\"@id\":\"https:\\\/\\\/rentallbruz.com\\\/#website\",\"url\":\"https:\\\/\\\/rentallbruz.com\\\/\",\"name\":\"Rentall Bruz | Alquiler de sistema audiovisuales en C\u00f3rdoba\",\"description\":\"\",\"publisher\":{\"@id\":\"https:\\\/\\\/rentallbruz.com\\\/#organization\"},\"potentialAction\":[{\"@type\":\"SearchAction\",\"target\":{\"@type\":\"EntryPoint\",\"urlTemplate\":\"https:\\\/\\\/rentallbruz.com\\\/?s={search_term_string}\"},\"query-input\":{\"@type\":\"PropertyValueSpecification\",\"valueRequired\":true,\"valueName\":\"search_term_string\"}}],\"inLanguage\":\"en-GB\"},{\"@type\":\"Organization\",\"@id\":\"https:\\\/\\\/rentallbruz.com\\\/#organization\",\"name\":\"Rentall Bruz | Alquiler de sistema audiovisuales en C\u00f3rdoba\",\"url\":\"https:\\\/\\\/rentallbruz.com\\\/\",\"logo\":{\"@type\":\"ImageObject\",\"inLanguage\":\"en-GB\",\"@id\":\"https:\\\/\\\/rentallbruz.com\\\/#\\\/schema\\\/logo\\\/image\\\/\",\"url\":\"https:\\\/\\\/rentallbruz.com\\\/wp-content\\\/uploads\\\/2026\\\/01\\\/cropped-logo-rentallbruz-azul.png\",\"contentUrl\":\"https:\\\/\\\/rentallbruz.com\\\/wp-content\\\/uploads\\\/2026\\\/01\\\/cropped-logo-rentallbruz-azul.png\",\"width\":1500,\"height\":302,\"caption\":\"Rentall Bruz | Alquiler de sistema audiovisuales en C\u00f3rdoba\"},\"image\":{\"@id\":\"https:\\\/\\\/rentallbruz.com\\\/#\\\/schema\\\/logo\\\/image\\\/\"}}]}<\/script>\n<!-- \/ Yoast SEO plugin. -->","yoast_head_json":{"title":"Rental AV - Rentall Bruz | Alquiler de sistema audiovisuales en C\u00f3rdoba","robots":{"index":"index","follow":"follow","max-snippet":"max-snippet:-1","max-image-preview":"max-image-preview:large","max-video-preview":"max-video-preview:-1"},"canonical":"https:\/\/rentallbruz.com\/en\/rental-av\/","og_locale":"en_GB","og_type":"article","og_title":"Rental AV - Rentall Bruz | Alquiler de sistema audiovisuales en C\u00f3rdoba","og_description":"Rental Av Cat\u00e1logo de Equipamiento Audiovisual Profesional En Rentall Bruz, nuestro inventario es nuestra mejor carta de presentaci\u00f3n. Trabajamos exclusivamente [&hellip;]","og_url":"https:\/\/rentallbruz.com\/en\/rental-av\/","og_site_name":"Rentall Bruz | Alquiler de sistema audiovisuales en C\u00f3rdoba","article_modified_time":"2026-03-31T11:41:22+00:00","twitter_card":"summary_large_image","twitter_misc":{"Estimated reading time":"1 minute"},"schema":{"@context":"https:\/\/schema.org","@graph":[{"@type":"WebPage","@id":"https:\/\/rentallbruz.com\/rental-av\/","url":"https:\/\/rentallbruz.com\/rental-av\/","name":"Rental AV - Rentall Bruz | Alquiler de sistema audiovisuales en C\u00f3rdoba","isPartOf":{"@id":"https:\/\/rentallbruz.com\/#website"},"datePublished":"2026-01-22T09:05:26+00:00","dateModified":"2026-03-31T11:41:22+00:00","breadcrumb":{"@id":"https:\/\/rentallbruz.com\/rental-av\/#breadcrumb"},"inLanguage":"en-GB","potentialAction":[{"@type":"ReadAction","target":["https:\/\/rentallbruz.com\/rental-av\/"]}]},{"@type":"BreadcrumbList","@id":"https:\/\/rentallbruz.com\/rental-av\/#breadcrumb","itemListElement":[{"@type":"ListItem","position":1,"name":"Portada","item":"https:\/\/rentallbruz.com\/"},{"@type":"ListItem","position":2,"name":"Rental AV"}]},{"@type":"WebSite","@id":"https:\/\/rentallbruz.com\/#website","url":"https:\/\/rentallbruz.com\/","name":"Rentall Bruz | Alquiler de sistema audiovisuales en C\u00f3rdoba","description":"","publisher":{"@id":"https:\/\/rentallbruz.com\/#organization"},"potentialAction":[{"@type":"SearchAction","target":{"@type":"EntryPoint","urlTemplate":"https:\/\/rentallbruz.com\/?s={search_term_string}"},"query-input":{"@type":"PropertyValueSpecification","valueRequired":true,"valueName":"search_term_string"}}],"inLanguage":"en-GB"},{"@type":"Organization","@id":"https:\/\/rentallbruz.com\/#organization","name":"Rentall Bruz | Alquiler de sistema audiovisuales en C\u00f3rdoba","url":"https:\/\/rentallbruz.com\/","logo":{"@type":"ImageObject","inLanguage":"en-GB","@id":"https:\/\/rentallbruz.com\/#\/schema\/logo\/image\/","url":"https:\/\/rentallbruz.com\/wp-content\/uploads\/2026\/01\/cropped-logo-rentallbruz-azul.png","contentUrl":"https:\/\/rentallbruz.com\/wp-content\/uploads\/2026\/01\/cropped-logo-rentallbruz-azul.png","width":1500,"height":302,"caption":"Rentall Bruz | Alquiler de sistema audiovisuales en C\u00f3rdoba"},"image":{"@id":"https:\/\/rentallbruz.com\/#\/schema\/logo\/image\/"}}]}},"_links":{"self":[{"href":"https:\/\/rentallbruz.com\/en\/wp-json\/wp\/v2\/pages\/387","targetHints":{"allow":["GET"]}}],"collection":[{"href":"https:\/\/rentallbruz.com\/en\/wp-json\/wp\/v2\/pages"}],"about":[{"href":"https:\/\/rentallbruz.com\/en\/wp-json\/wp\/v2\/types\/page"}],"author":[{"embeddable":true,"href":"https:\/\/rentallbruz.com\/en\/wp-json\/wp\/v2\/users\/1"}],"replies":[{"embeddable":true,"href":"https:\/\/rentallbruz.com\/en\/wp-json\/wp\/v2\/comments?post=387"}],"version-history":[{"count":34,"href":"https:\/\/rentallbruz.com\/en\/wp-json\/wp\/v2\/pages\/387\/revisions"}],"predecessor-version":[{"id":525,"href":"https:\/\/rentallbruz.com\/en\/wp-json\/wp\/v2\/pages\/387\/revisions\/525"}],"wp:attachment":[{"href":"https:\/\/rentallbruz.com\/en\/wp-json\/wp\/v2\/media?parent=387"}],"curies":[{"name":"wp","href":"https:\/\/api.w.org\/{rel}","templated":true}]}}